{"id":53239,"date":"2024-05-02T15:17:35","date_gmt":"2024-05-02T20:17:35","guid":{"rendered":"https:\/\/store.randallhouse.com\/?post_type=product&#038;p=53239"},"modified":"2024-05-02T15:17:36","modified_gmt":"2024-05-02T20:17:36","slug":"la-busqueda-de-la-verdad","status":"publish","type":"product","link":"https:\/\/store.randallhouse.com\/e1uf29gi\/product\/la-busqueda-de-la-verdad\/","title":{"rendered":"La Busqueda de la Verdad"},"content":{"rendered":"<p>Las \u201cpreguntas ineludibles de la vida\u201d se responden seg\u00fan la norma de la Palabra de Dios. Esta valiosa herramienta analiza seriamente verdades profundas que se aplican a todas las facetas de la vida. La verdad B\u00edblica debe aplicarse a toda la personalidad.<div class=\"woo-sc-hr\"><\/div><\/p>\n<p><strong>F. Leroy Forlines<\/strong> fue profesor de teolog\u00eda en Welch College durante m\u00e1s de 50 a\u00f1os. Se gradu\u00f3 de Welch College en 1952 y obtuvo una maestr\u00eda en la Escuela de Teolog\u00eda de Winona Lake, un B.D. del Seminario Teol\u00f3gico Bautista del Norte y un Th.M. de la Escuela de Graduados en Teolog\u00eda de Chicago. Es un te\u00f3logo muy respetado y bien publicado, conocido por sus escritos sobre la cosmovisi\u00f3n cristiana y la teolog\u00eda sistem\u00e1tica.<\/p>\n","protected":false},"excerpt":{"rendered":"<p>Las \u201cpreguntas ineludibles de la vida\u201d se responden seg\u00fan la norma de la Palabra de Dios. Esta valiosa herramienta analiza seriamente verdades profundas que se aplican a todas las facetas de la vida. La verdad B\u00edblica debe aplicarse a toda la personalidad.[hr]<\/p>\n<p><strong>F. Leroy Forlines<\/strong> fue profesor de teolog\u00eda en Welch College durante m\u00e1s de 50 a\u00f1os. Se gradu\u00f3 de Welch College en 1952 y obtuvo una maestr\u00eda en la Escuela de Teolog\u00eda de Winona Lake, un B.D. del Seminario Teol\u00f3gico Bautista del Norte y un Th.M. de la Escuela de Graduados en Teolog\u00eda de Chicago. Es un te\u00f3logo muy respetado y bien publicado, conocido por sus escritos sobre la cosmovisi\u00f3n cristiana y la teolog\u00eda sistem\u00e1tica.<\/p>\n","protected":false},"featured_media":53241,"template":"","meta":{"wds_primary_product_brand":0,"wds_primary_product_cat":0},"product_brand":[],"product_cat":[10,171],"product_tag":[],"class_list":{"0":"post-53239","1":"product","2":"type-product","3":"status-publish","4":"has-post-thumbnail","6":"product_cat-books","7":"product_cat-spanish","9":"first","10":"instock","11":"taxable","12":"shipping-taxable","13":"purchasable","14":"product-type-simple"},"_links":{"self":[{"href":"https:\/\/store.randallhouse.com\/e1uf29gi\/wp-json\/wp\/v2\/product\/53239","targetHints":{"allow":["GET"]}}],"collection":[{"href":"https:\/\/store.randallhouse.com\/e1uf29gi\/wp-json\/wp\/v2\/product"}],"about":[{"href":"https:\/\/store.randallhouse.com\/e1uf29gi\/wp-json\/wp\/v2\/types\/product"}],"wp:featuredmedia":[{"embeddable":true,"href":"https:\/\/store.randallhouse.com\/e1uf29gi\/wp-json\/wp\/v2\/media\/53241"}],"wp:attachment":[{"href":"https:\/\/store.randallhouse.com\/e1uf29gi\/wp-json\/wp\/v2\/media?parent=53239"}],"wp:term":[{"taxonomy":"product_brand","embeddable":true,"href":"https:\/\/store.randallhouse.com\/e1uf29gi\/wp-json\/wp\/v2\/product_brand?post=53239"},{"taxonomy":"product_cat","embeddable":true,"href":"https:\/\/store.randallhouse.com\/e1uf29gi\/wp-json\/wp\/v2\/product_cat?post=53239"},{"taxonomy":"product_tag","embeddable":true,"href":"https:\/\/store.randallhouse.com\/e1uf29gi\/wp-json\/wp\/v2\/product_tag?post=53239"}],"curies":[{"name":"wp","href":"https:\/\/api.w.org\/{rel}","templated":true}]}}