{"id":49958,"date":"2023-09-27T12:06:07","date_gmt":"2023-09-27T17:06:07","guid":{"rendered":"https:\/\/store.randallhouse.com\/?post_type=product&#038;p=49958"},"modified":"2023-09-27T12:06:07","modified_gmt":"2023-09-27T17:06:07","slug":"simple-estudio","status":"publish","type":"product","link":"https:\/\/store.randallhouse.com\/e1uf29gi\/product\/simple-estudio\/","title":{"rendered":"Simple Estudio para grupos peque\u00f1os"},"content":{"rendered":"<p>Descubre todo lo que necesitas para empezar a entender los ABC de la fe cristiana:<br \/>\n&#8211; Asegurarnos (Seguridad) &#8211; \u00bfC\u00f3mo saber con certeza?<br \/>\n&#8211; Bautismo &#8211; \u00bfPor qu\u00e9 debo mojarme?<br \/>\n&#8211; Cuerpo de Cristo (Iglesia) &#8211; \u00bfQu\u00e9 tiene para ofrecerme?<br \/>\n&#8211; Devocionales &#8211; \u00bfC\u00f3mo puedo mantenerme cerca de Dios?<br \/>\n&#8211; Evangelismo &#8211; \u00bfC\u00f3mo puedo compartir mi fe con otros?<\/p>\n<p>Este estudio de seis semanas es excelente para un creyente nuevo o una clase para nuevos miembros de la iglesia. Cada semana est\u00e1 llena de lecturas b\u00edblicas y ense\u00f1anza b\u00e1sica que presenta un cuadro claro sobre la vida cristiana.<\/p>\n<hr>\n<p>ROBERT J. MORGAN es autor y conferencista que sirvi\u00f3 como pastor docente de la iglesia The Donelson Fellowship en Nashville, Tennessee. Es autor de The Red Sea Rules (Las Reglas del Mar Rojo), The Strength You Need (La Fuerza que Necesitas), Reclaiming the Lost Art of Biblical Meditation (Recuperemos el Arte Perdido de la Meditaci\u00f3n B\u00edblica), Then Sings My Soul (Mi Coraz\u00f3n Entona la Canci\u00f3n), 100 Bible Verses That Made America (Cien Vers\u00edculos B\u00edblicos que Construyeron a Los Estados Unidos de Am\u00e9rica), y muchos t\u00edtulos m\u00e1s, con m\u00e1s de 4.5 millones de copias en circulaci\u00f3n. Est\u00e1 disponible para hablar en conferencias y convenciones. Cont\u00e1ctalo a www.robertjmorgan.com. <\/p>\n<p>Translated by Alan Ledezma<\/p>\n","protected":false},"excerpt":{"rendered":"<p>La Vida Cristiana no tiene que ser complicada<\/p>\n","protected":false},"featured_media":49959,"template":"","meta":{"wds_primary_product_brand":0,"wds_primary_product_cat":0},"product_brand":[],"product_cat":[16,171,11],"product_tag":[],"class_list":{"0":"post-49958","1":"product","2":"type-product","3":"status-publish","4":"has-post-thumbnail","6":"product_cat-booklets","7":"product_cat-spanish","8":"product_cat-small-group-studies","10":"first","11":"instock","12":"taxable","13":"shipping-taxable","14":"purchasable","15":"product-type-simple"},"_links":{"self":[{"href":"https:\/\/store.randallhouse.com\/e1uf29gi\/wp-json\/wp\/v2\/product\/49958","targetHints":{"allow":["GET"]}}],"collection":[{"href":"https:\/\/store.randallhouse.com\/e1uf29gi\/wp-json\/wp\/v2\/product"}],"about":[{"href":"https:\/\/store.randallhouse.com\/e1uf29gi\/wp-json\/wp\/v2\/types\/product"}],"wp:featuredmedia":[{"embeddable":true,"href":"https:\/\/store.randallhouse.com\/e1uf29gi\/wp-json\/wp\/v2\/media\/49959"}],"wp:attachment":[{"href":"https:\/\/store.randallhouse.com\/e1uf29gi\/wp-json\/wp\/v2\/media?parent=49958"}],"wp:term":[{"taxonomy":"product_brand","embeddable":true,"href":"https:\/\/store.randallhouse.com\/e1uf29gi\/wp-json\/wp\/v2\/product_brand?post=49958"},{"taxonomy":"product_cat","embeddable":true,"href":"https:\/\/store.randallhouse.com\/e1uf29gi\/wp-json\/wp\/v2\/product_cat?post=49958"},{"taxonomy":"product_tag","embeddable":true,"href":"https:\/\/store.randallhouse.com\/e1uf29gi\/wp-json\/wp\/v2\/product_tag?post=49958"}],"curies":[{"name":"wp","href":"https:\/\/api.w.org\/{rel}","templated":true}]}}