{"id":4846,"date":"2016-06-22T14:09:41","date_gmt":"2016-06-22T19:09:41","guid":{"rendered":"http:\/\/store.randallhouse.com\/?post_type=product&#038;p=4846"},"modified":"2023-09-12T14:38:19","modified_gmt":"2023-09-12T19:38:19","slug":"doctrinas-bautistas-libres","status":"publish","type":"product","link":"https:\/\/store.randallhouse.com\/e1uf29gi\/product\/doctrinas-bautistas-libres\/","title":{"rendered":"Doctrinas Bautistas Libres"},"content":{"rendered":"<p>Esta es la traducci\u00f3n al espa\u00f1ol de <a href=\"http:\/\/store.randallhouse.com\/product\/free-will-baptist-doctrines\/\"><em>Free Will Baptist Doctrines<\/em><\/a> (Doctrinas Bautistas Libres). Fue traducido\u00a0por Steve Lytle con asistencia editorial de L\u00e1zaro Riesgo. Este libro ayudar\u00e1 a lectores a estar asentados en las doctrinas b\u00e1sicas de la fe cristiana. Hay discusi\u00f3n de temas tales como las doctrinas de los bautistas libres en cuanto a las Escrituras, Dios, Cristo, la salvaci\u00f3n, las \u00faltimas cosas, y el pacto de la Iglesia Bautista Libre (conocida en algunos pa\u00edses como Bautistas de Libre Albedr\u00edo.).<\/p>\n<p>El estilo de escribir de O\u2019Donnell permite que l\u00edderes en el ministerio, igual que l\u00edderes laicos, comprendan los conceptos b\u00e1sicos ense\u00f1ados en este libro. Es un gran recurso para la biblioteca del pastor, recurso de estudio para el liderazgo de la iglesia, como tambi\u00e9n para los que quieran entender las doctrinas de la fe.<div class=\"woo-sc-hr\"><\/div><\/p>\n<p>El <strong>Dr. J.D. O\u2019Donnell<\/strong> sirvi\u00f3 como pastor por m\u00e1s de 30 a\u00f1os. Su educaci\u00f3n incluye el graduarse de Bob Jones University (B.A.), y New Orleans Baptist Theological Seminary (El Seminario Teol\u00f3gico Bautista de New Orleans (B. Div. y D.T.). Su experiencia profesional incluye: Presidente de Bethel Bible Institute, Paintsville, KY (1978-82); Presidente de Hillsdale College, Moore, OK (1965-71); Profesor en Welch College, Nashville, TN (1961-65); y Director, Chandler Mountain High School, Steel, AL (1949-50). El Dr. O\u2019Donnell escribi\u00f3 varios libros, los cuales incluyen: <em>Handbook for Deacons <\/em>(Manual para Di\u00e1conos), <em>The Preacher and His Preaching <\/em>(El Predicador y su Predicaci\u00f3n), y <em>A Survey of Church History <\/em>(Un Vistazo de la Historia de la Iglesia).<\/p>\n","protected":false},"excerpt":{"rendered":"<p>Esta es la traducci\u00f3n al espa\u00f1ol de <a href=\"http:\/\/store.randallhouse.com\/product\/free-will-baptist-doctrines\/\"><em>Free Will Baptist Doctrines<\/em><\/a> (Doctrinas Bautistas Libres). Fue traducido\u00a0por Steve Lytle con asistencia editorial de L\u00e1zaro Riesgo. Este libro ayudar\u00e1 a lectores a estar asentados en las doctrinas b\u00e1sicas de la fe cristiana. Hay discusi\u00f3n de temas tales como las doctrinas de los bautistas libres en cuanto a las Escrituras, Dios, Cristo, la salvaci\u00f3n, las \u00faltimas cosas, y el pacto de la Iglesia Bautista Libre (conocida en algunos pa\u00edses como Bautistas de Libre Albedr\u00edo.).<\/p>\n<p>El estilo de escribir de O\u2019Donnell permite que l\u00edderes en el ministerio, igual que l\u00edderes laicos, comprendan los conceptos b\u00e1sicos ense\u00f1ados en este libro. Es un gran recurso para la biblioteca del pastor, recurso de estudio para el liderazgo de la iglesia, como tambi\u00e9n para los que quieran entender las doctrinas de la fe.[hr]<\/p>\n<p>El <strong>Dr. J.D. O\u2019Donnell<\/strong> sirvi\u00f3 como pastor por m\u00e1s de 30 a\u00f1os. Su educaci\u00f3n incluye el graduarse de Bob Jones University (B.A.), y New Orleans Baptist Theological Seminary (El Seminario Teol\u00f3gico Bautista de New Orleans (B. Div. y D.T.). Su experiencia profesional incluye: Presidente de Bethel Bible Institute, Paintsville, KY (1978-82); Presidente de Hillsdale College, Moore, OK (1965-71); Profesor en Welch College, Nashville, TN (1961-65); y Director, Chandler Mountain High School, Steel, AL (1949-50). El Dr. O\u2019Donnell escribi\u00f3 varios libros, los cuales incluyen: <em>Handbook for Deacons <\/em>(Manual para Di\u00e1conos), <em>The Preacher and His Preaching <\/em>(El Predicador y su Predicaci\u00f3n), y <em>A Survey of Church History <\/em>(Un Vistazo de la Historia de la Iglesia).<\/p>\n","protected":false},"featured_media":4847,"template":"","meta":{"wds_primary_product_brand":0,"wds_primary_product_cat":0},"product_brand":[],"product_cat":[10,171,36],"product_tag":[170],"class_list":{"0":"post-4846","1":"product","2":"type-product","3":"status-publish","4":"has-post-thumbnail","6":"product_cat-books","7":"product_cat-spanish","8":"product_cat-theologydoctrine","9":"product_tag-randall-house","11":"first","12":"instock","13":"sale","14":"taxable","15":"shipping-taxable","16":"purchasable","17":"product-type-simple"},"_links":{"self":[{"href":"https:\/\/store.randallhouse.com\/e1uf29gi\/wp-json\/wp\/v2\/product\/4846","targetHints":{"allow":["GET"]}}],"collection":[{"href":"https:\/\/store.randallhouse.com\/e1uf29gi\/wp-json\/wp\/v2\/product"}],"about":[{"href":"https:\/\/store.randallhouse.com\/e1uf29gi\/wp-json\/wp\/v2\/types\/product"}],"wp:featuredmedia":[{"embeddable":true,"href":"https:\/\/store.randallhouse.com\/e1uf29gi\/wp-json\/wp\/v2\/media\/4847"}],"wp:attachment":[{"href":"https:\/\/store.randallhouse.com\/e1uf29gi\/wp-json\/wp\/v2\/media?parent=4846"}],"wp:term":[{"taxonomy":"product_brand","embeddable":true,"href":"https:\/\/store.randallhouse.com\/e1uf29gi\/wp-json\/wp\/v2\/product_brand?post=4846"},{"taxonomy":"product_cat","embeddable":true,"href":"https:\/\/store.randallhouse.com\/e1uf29gi\/wp-json\/wp\/v2\/product_cat?post=4846"},{"taxonomy":"product_tag","embeddable":true,"href":"https:\/\/store.randallhouse.com\/e1uf29gi\/wp-json\/wp\/v2\/product_tag?post=4846"}],"curies":[{"name":"wp","href":"https:\/\/api.w.org\/{rel}","templated":true}]}}