{"id":34427,"date":"2020-08-25T13:49:22","date_gmt":"2020-08-25T18:49:22","guid":{"rendered":"https:\/\/store.randallhouse.com\/?post_type=product&#038;p=34427"},"modified":"2023-09-12T14:38:20","modified_gmt":"2023-09-12T19:38:20","slug":"el-disciplulado","status":"publish","type":"product","link":"https:\/\/store.randallhouse.com\/e1uf29gi\/product\/el-disciplulado\/","title":{"rendered":"El Discipulado"},"content":{"rendered":"<p>El Dr. Picirilli provee respuestas y aplicaciones pr\u00e1cticas para el lector por medio de un estudio exhaustivo de lo que los autores del Nuevo Testamento dijeron acerca de los requisitos para la salvaci\u00f3n. Ofrece ex\u00e9gesis sana y comprensiva, mostrando que el arrepentimiento, la obediencia y el discipulado son expresiones b\u00edblicas de la fe salv\u00edfica. El Dr. Picirilli tambi\u00e9n comparte implicaciones importantes de c\u00f3mo hemos de presentar el evangelio, ofrecer la seguridad de la salvaci\u00f3n e incorporar la disciplina de la iglesia apropiada.<div class=\"woo-sc-hr\"><\/div><\/p>\n<p><strong>Robert E. Picirilli<\/strong> termin\u00f3 sus estudios en Welch College (B.A.) y Bob Jones University (M.A., Ph.D) y pas\u00f3 su carrera como profesor, y en administraci\u00f3n acad\u00e9mica en Welch. Su especialidad fue el Nuevo Testamento en griego. Es autor o co-autor de libros publicados por Moody Press, Thomas Nelson y Randall House. Sus obras incluyen Teacher, Leader, Shepherd (Maestro, L\u00edder y Pastor) y Discipleship (el Discipulado). Tambi\u00e9n ha escrito art\u00edculos publicados en revistas teol\u00f3gicas y funge como Editor General de la serie Randall House Bible Commentaries (Comentarios B\u00edblicos de la Casa Randall de Publicaciones). El Dr. Picirilli tambi\u00e9n ha servido como presidente de la Accrediting Association of Bible Colleges (La Asociaci\u00f3n Acreditador de Institutos B\u00edblicos) y moderador de la National Association of Free Will Baptists.<\/p>\n","protected":false},"excerpt":{"rendered":"<p><strong>La Expresi\u00f3n De La Fe Salv\u00edfica<\/strong><\/p>\n","protected":false},"featured_media":45791,"template":"","meta":{"wds_primary_product_brand":0,"wds_primary_product_cat":0},"product_brand":[],"product_cat":[10,17,171,36],"product_tag":[],"class_list":{"0":"post-34427","1":"product","2":"type-product","3":"status-publish","4":"has-post-thumbnail","6":"product_cat-books","7":"product_cat-discipleshipleadership","8":"product_cat-spanish","9":"product_cat-theologydoctrine","11":"first","12":"instock","13":"sale","14":"taxable","15":"shipping-taxable","16":"purchasable","17":"product-type-simple"},"_links":{"self":[{"href":"https:\/\/store.randallhouse.com\/e1uf29gi\/wp-json\/wp\/v2\/product\/34427","targetHints":{"allow":["GET"]}}],"collection":[{"href":"https:\/\/store.randallhouse.com\/e1uf29gi\/wp-json\/wp\/v2\/product"}],"about":[{"href":"https:\/\/store.randallhouse.com\/e1uf29gi\/wp-json\/wp\/v2\/types\/product"}],"wp:featuredmedia":[{"embeddable":true,"href":"https:\/\/store.randallhouse.com\/e1uf29gi\/wp-json\/wp\/v2\/media\/45791"}],"wp:attachment":[{"href":"https:\/\/store.randallhouse.com\/e1uf29gi\/wp-json\/wp\/v2\/media?parent=34427"}],"wp:term":[{"taxonomy":"product_brand","embeddable":true,"href":"https:\/\/store.randallhouse.com\/e1uf29gi\/wp-json\/wp\/v2\/product_brand?post=34427"},{"taxonomy":"product_cat","embeddable":true,"href":"https:\/\/store.randallhouse.com\/e1uf29gi\/wp-json\/wp\/v2\/product_cat?post=34427"},{"taxonomy":"product_tag","embeddable":true,"href":"https:\/\/store.randallhouse.com\/e1uf29gi\/wp-json\/wp\/v2\/product_tag?post=34427"}],"curies":[{"name":"wp","href":"https:\/\/api.w.org\/{rel}","templated":true}]}}