{"id":23230,"date":"2019-07-03T11:02:16","date_gmt":"2019-07-03T16:02:16","guid":{"rendered":"https:\/\/store.randallhouse.com\/?post_type=product&#038;p=23230"},"modified":"2023-09-12T14:39:36","modified_gmt":"2023-09-12T19:39:36","slug":"simple-espanol","status":"publish","type":"product","link":"https:\/\/store.randallhouse.com\/e1uf29gi\/product\/simple-espanol\/","title":{"rendered":"Simple (Espa\u00f1ol)"},"content":{"rendered":"<p>Esta obra recuerda al lector que el \u00e9xito en la vida cristiana viene de la perseverancia en lo b\u00e1sico de la Biblia. El autor explica los ABC de la fe cristiana: seguridad de salvaci\u00f3n, el bautismo, la iglesia, el tiempo devocional, y el evangelismo. Este es el libro perfecto para una clase para nuevos creyentes, o clase para nuevos miembros.<\/p>\n<p><strong>Robert J. Morgan<\/strong> es un autor \u201cbest-seller\u201d, con casi 2 millones de libros impresos. Sus t\u00edtulos incluyen <em>Then Sings My Soul <\/em>(tomos 1 y 2), <em>The Red Sea Rules<\/em>, y <em>The Preacher\u2019s Sourcebook<\/em>. Ha servido como pastor principal en la iglesia The Donelson Fellowship, Nashville, TN, por m\u00e1s de 30 a\u00f1os.<\/p>\n","protected":false},"excerpt":{"rendered":"<p>Esta obra recuerda al lector que el \u00e9xito en la vida cristiana viene de la perseverancia en lo b\u00e1sico de la Biblia. El autor explica los ABC de la fe cristiana: seguridad de salvaci\u00f3n, el bautismo, la iglesia, el tiempo devocional, y el evangelismo. Este es el libro perfecto para una clase para nuevos creyentes, o clase para nuevos miembros.<\/p>\n<p><strong>Robert J. Morgan<\/strong> es un autor \u201cbest-seller\u201d, con casi 2 millones de libros impresos. Sus t\u00edtulos incluyen <em>Then Sings My Soul <\/em>(tomos 1 y 2), <em>The Red Sea Rules<\/em>, y <em>The Preacher\u2019s Sourcebook<\/em>. Ha servido como pastor principal en la iglesia The Donelson Fellowship, Nashville, TN, por m\u00e1s de 30 a\u00f1os.<\/p>\n","protected":false},"featured_media":23231,"template":"","meta":{"wds_primary_product_brand":0,"wds_primary_product_cat":0},"product_brand":[],"product_cat":[10,171,33,36],"product_tag":[],"class_list":{"0":"post-23230","1":"product","2":"type-product","3":"status-publish","4":"has-post-thumbnail","6":"product_cat-books","7":"product_cat-spanish","8":"product_cat-life-issues","9":"product_cat-theologydoctrine","11":"first","12":"instock","13":"sale","14":"taxable","15":"shipping-taxable","16":"purchasable","17":"product-type-simple"},"_links":{"self":[{"href":"https:\/\/store.randallhouse.com\/e1uf29gi\/wp-json\/wp\/v2\/product\/23230","targetHints":{"allow":["GET"]}}],"collection":[{"href":"https:\/\/store.randallhouse.com\/e1uf29gi\/wp-json\/wp\/v2\/product"}],"about":[{"href":"https:\/\/store.randallhouse.com\/e1uf29gi\/wp-json\/wp\/v2\/types\/product"}],"wp:featuredmedia":[{"embeddable":true,"href":"https:\/\/store.randallhouse.com\/e1uf29gi\/wp-json\/wp\/v2\/media\/23231"}],"wp:attachment":[{"href":"https:\/\/store.randallhouse.com\/e1uf29gi\/wp-json\/wp\/v2\/media?parent=23230"}],"wp:term":[{"taxonomy":"product_brand","embeddable":true,"href":"https:\/\/store.randallhouse.com\/e1uf29gi\/wp-json\/wp\/v2\/product_brand?post=23230"},{"taxonomy":"product_cat","embeddable":true,"href":"https:\/\/store.randallhouse.com\/e1uf29gi\/wp-json\/wp\/v2\/product_cat?post=23230"},{"taxonomy":"product_tag","embeddable":true,"href":"https:\/\/store.randallhouse.com\/e1uf29gi\/wp-json\/wp\/v2\/product_tag?post=23230"}],"curies":[{"name":"wp","href":"https:\/\/api.w.org\/{rel}","templated":true}]}}